{"id":14,"date":"2018-05-02T16:13:00","date_gmt":"2018-05-02T14:13:00","guid":{"rendered":"http:\/\/ostravskamuzejninoc.cz\/2018\/?page_id=14"},"modified":"2018-06-10T13:18:47","modified_gmt":"2018-06-10T11:18:47","slug":"media","status":"publish","type":"page","link":"https:\/\/2018.ostravskamuzejninoc.cz\/cs\/media\/","title":{"rendered":"M\u00e9dia"},"content":{"rendered":"<p><\/p>\n<h3><strong>Tiskov\u00e1 zpr\u00e1va ze dne 10. 6. 2018, Ostrava<\/strong><\/h3>\n<p><strong>DES\u00c1TOU OSTRAVSKOU MUZEJN\u00cd NOC S PRVOREPUBLIKOV\u00ddM PROGRAMEM SI NENECHALO UJ\u00cdT 25 TIS\u00cdC LID\u00cd <\/strong><\/p>\n<p><strong>T\u0159icet \u0161est kulturn\u00edch instituc\u00ed v\u00a0Ostrav\u011b v sobotu p\u0159iv\u00edtalo ve\u0159ejnost zdarma. Od 18 hodin a\u017e do p\u016flnoci ulice m\u011bsta zaplnily hlou\u010dky dosp\u011bl\u00fdch i rodiny s\u00a0d\u011btmi. Prvorepublikovou Ostravskou muzejn\u00ed noc si nenechalo uj\u00edt asi 25 000 lid\u00ed. Des\u00e1t\u00fd ro\u010dn\u00edk Ostravsk\u00e9 muzejn\u00ed noci m\u016f\u017eeme ozna\u010dit za vyda\u0159en\u00fd, prvorepublikov\u00fd program, dobr\u00e1 n\u00e1lada, sm\u00edch a v\u0161udyp\u0159\u00edtomn\u00e9 d\u011bti s\u00a0balonky v\u00a0barv\u011b trikolory o\u017eivily krajskou metropoli. <\/strong><\/p>\n<p>\u201eBalonky jsme nafukovali od 14 hodin odpoledne, a p\u0159esto\u017ee jsme jich po 17 hodin\u011b m\u011bli p\u0159es 600, bylo to m\u00e1lo,\u201c usm\u00edv\u00e1 se Jana Mal\u00e1\u0161ek \u0160ruba\u0159ov\u00e1 a pokra\u010duje \u201eZah\u00e1jen\u00ed festivalu v\u00a0de\u0161ti se u\u017e za\u010d\u00edn\u00e1 st\u00e1vat tradic\u00ed, n\u00e1v\u0161t\u011bvnost to zat\u00edm neomezuje. Cel\u00e1 \u0159ada koncert\u016f, workshop\u016f i akc\u00ed pro d\u011bti se uskute\u010dnila venku, po\u010das\u00ed se na\u0161t\u011bst\u00ed po \u0161est\u00e9 hodin\u011b umoud\u0159ilo a zbytek ve\u010dera u\u017e nepr\u0161elo.\u201c<\/p>\n<p>Nejvy\u0161\u0161\u00ed z\u00e1jem ve\u0159ejnost projevila o festival Cirkulum a Ostravsk\u00e9 muzeum. Ke dv\u011bma tis\u00edc\u016fm n\u00e1v\u0161t\u011bvn\u00edk\u016f za ve\u010der se p\u0159ibl\u00ed\u017eili tak\u00e9 Galerie v\u00fdtvarn\u00e9ho um\u011bn\u00ed v\u00a0Ostrav\u011b, Dopravn\u00ed podnik Ostrava, Slezsk\u00e1 lilie a Miniuni \u2013 Sv\u011bt miniatur. Tis\u00edcovka \u00fa\u010dastn\u00edk\u016f nav\u0161t\u00edvila Hasi\u010dsk\u00e9 muzeum m\u011bsta Ostravy, Knihovnu m\u011bsta Ostravy, Radnici m\u011bsta Ostravy a \u010cesk\u00fd rozhlas Ostrava.<\/p>\n<p>Ostravsk\u00e9 ulice o\u017eily \u010dil\u00fdm ruchem mezi p\u00e1tou a \u0161estou hodinou odpoledn\u00ed, a\u010dkoliv leto\u0161n\u00ed ro\u010dn\u00edk festivalu v\u00fdrazn\u011b poznamenaly rekonstrukce centra m\u011bsta. \u201eKrom\u011b \u00faprav parkovi\u0161t\u011b p\u0159ed budovou Domu um\u011bn\u00ed, tak\u00e9 uzav\u00edrka tramvajov\u00e9 zast\u00e1vky V\u00fdstavi\u0161t\u011b a zm\u011bna to\u010dny autobusov\u00fdch muzejn\u00edch linek zas\u00e1hla Ostravskou muzejn\u00ed noc a ovlivnila n\u00e1v\u0161t\u011bvnost. I p\u0159esto p\u0159\u00edjemn\u00e1 prvorepublikov\u00e1 atmosf\u00e9ra prov\u00e1zela n\u00e1v\u0161t\u011bvn\u00edky cel\u00fdm ve\u010derem,\u201c uzav\u00edr\u00e1 Andrea W\u0119glarzyov\u00e1, koordin\u00e1torka festivalu.<\/p>\n<p>Ostravsk\u00e1 muzejn\u00ed noc byla zam\u011b\u0159ena v\u00a0mnoha organizac\u00edch p\u0159edev\u0161\u00edm na aktivity pro rodiny s d\u011btmi. Mal\u00ed objevovatel\u00e9 ostravsk\u00e9 kultury si mohli vyzkou\u0161et \u0161leha\u010dkovou bitvu v\u00a0PLATO, bubnovac\u00ed workshop v\u00a0Galerii v\u00fdtvarn\u00e9ho um\u011bn\u00ed v\u00a0Ostrav\u011b, hudebn\u00ed workshop v\u00a0Jan\u00e1\u010dkov\u011b filharmonii Ostrava nebo kv\u00edzy v\u00a0Moravskoslezsk\u00e9 v\u011bdeck\u00e9 knihovn\u011b. Velk\u00fd ohlas ve\u0159ejnosti vyvolala spanil\u00e1 j\u00edzda velocipedist\u016f a automobilov\u00fdch veter\u00e1n\u016f m\u011bstem i jejich zast\u00e1vka p\u0159ed budovou Ostravsk\u00e9ho muzea.<\/p>\n<p>C\u00edlem Ostravsk\u00e9 muzejn\u00ed noci je nab\u00eddnout ve\u0159ejnosti ochutn\u00e1vku toho, \u010demu se kulturn\u00ed instituce v\u011bnuj\u00ed po cel\u00fd rok. Festival zp\u0159\u00edstup\u0148uje a otev\u00edr\u00e1 br\u00e1ny kulturn\u00edch organizac\u00ed d\u011btem i dosp\u011bl\u00fdm tak, aby m\u011bli z\u00e1jem se do nich vracet. Ostravsk\u00e1 muzejn\u00ed noc je sou\u010d\u00e1st\u00ed Festivalu muzejn\u00edch noc\u00ed, kter\u00fd po\u0159\u00e1d\u00e1 Asociace muze\u00ed a galeri\u00ed \u010cesk\u00e9 republiky. Ostravskou muzejn\u00ed noc za\u0161t\u00edtil prim\u00e1tor statut\u00e1rn\u00edho m\u011bsta Ostravy Tom\u00e1\u0161 Macura a n\u00e1m\u011bstek hejtmana Moravskoslezsk\u00e9ho kraje Luk\u00e1\u0161 Curylo. Finan\u010dn\u011b akci podpo\u0159il Moravskoslezsk\u00fd kraj a statut\u00e1rn\u00ed m\u011bsto Ostrava.<\/p>\n<p><strong>Evidence n\u00e1v\u0161t\u011bvn\u00edk\u016f<\/strong> Ostravsk\u00e9 muzejn\u00ed noci funguje na principu s\u010d\u00edt\u00e1n\u00ed ka\u017ed\u00e9 osoby, kter\u00e1 projde dve\u0159mi. V\u0161echny zapojen\u00e9 instituce za\u0161lou informace organiz\u00e1tor\u016fm a ti jejich se\u010dten\u00edm zjist\u00ed celkovou n\u00e1v\u0161t\u011bvnost festivalu.<\/p>\n<p><strong>P<\/strong><strong>artne\u0159i:<\/strong><\/p>\n<p>Hlavn\u00ed medi\u00e1ln\u00ed partner: \u010cesk\u00fd rozhlas Ostrava<\/p>\n<p>Partne\u0159i: Moravskoslezsk\u00fd kraj, statut\u00e1rn\u00ed m\u011bsto Ostrava, Asociace muze\u00ed a galeri\u00ed \u010cesk\u00e9 republiky, Retis Group, Program, ova.net, Dopravn\u00ed podnik Ostrava, seepoint, RadioHouse, Moje Ostrava<\/p>\n<p><a href=\"https:\/\/ostravskamuzejninoc.cz\/2018\/wp-content\/uploads\/2018\/06\/OMN_TZ_Desata_Ostravska_muzejni_no_s_prvorepublikovym_programem_lakala_i_v_desti.doc\" target=\"_blank\" rel=\"noopener\">Tiskov\u00e1 zpr\u00e1va:\u00a0 10. 6. 2018 ke sta\u017een\u00ed <\/a><\/p>\n<p><strong>\u00a0<\/strong><\/p>\n<h3><strong>Tiskov\u00e1 zpr\u00e1va ze dne 31. 5. 2018, Ostrava<\/strong><\/h3>\n<p><strong>OSTRAVSK\u00c1 MUZEJN\u00cd NOC SLAV\u00cd DESETILET\u00c9 V\u00ddRO\u010c\u00cd V\u00a0PRVOREPUBLIKOV\u00c9M STYLU<\/strong><\/p>\n<p><strong>Ostravsk\u00e1 muzejn\u00ed noc se v\u00a0sobotu 9. \u010dervna uskute\u010dn\u00ed ji\u017e po des\u00e1t\u00e9. Od p\u011bti hodin do p\u016flnoci o\u017eiv\u00ed Ostravu kulturn\u00ed festival, kter\u00fd roz\u0161i\u0159uje pov\u011bdom\u00ed o kulturn\u00edm \u017eivot\u011b ve m\u011bst\u011b. V leto\u0161n\u00edm roce p\u0159edstav\u00ed sv\u00e9 z\u00e1zem\u00ed 36 instituc\u00ed a vstup se nikde neplat\u00ed. V\u00a0r\u00e1mci oslav st\u00e9ho v\u00fdro\u010d\u00ed republiky festival o\u017eiv\u00ed j\u00edzdy veter\u00e1n\u016f a velocipedist\u016f, ale i kabaretn\u00ed a swingov\u00fd program. Zahajovat se bude vypou\u0161t\u011bn\u00edm\u00a0balonk\u016f v\u00a0barv\u011b trikolory. U\u017e od 17.30 je budou p\u0159ed budovou Nov\u00e9 radnice v\u00a0Ostrav\u011b rozd\u00e1vat zdarma.\u00a0 <\/strong><\/p>\n<p>\u201eJi\u017e deset let Ostravskou muzejn\u00ed noc po\u0159\u00e1d\u00e1 Galerie v\u00fdtvarn\u00e9ho um\u011bn\u00ed v\u00a0Ostrav\u011b ve spolupr\u00e1ci s Ostravsk\u00fdm muzeem. Festivalu se \u00fa\u010dastn\u00ed nejen muzea a galerie, ale tak\u00e9 knihovny, um\u011bleck\u00e9 \u0161koly, kav\u00e1rny, antikvari\u00e1t, technick\u00e9 pam\u00e1tky, kulturn\u00ed a soci\u00e1ln\u00ed instituce, radnice, kino a dal\u0161\u00ed festivaly,\u201c vyjmenov\u00e1v\u00e1 Jana Mal\u00e1\u0161ek \u0160ruba\u0159ov\u00e1, koordin\u00e1torka festivalu.<\/p>\n<p>\u201eNav\u0161t\u00edvit m\u016f\u017eete nap\u0159\u00edklad Ostravsk\u00e9 muzeum, Hasi\u010dsk\u00e9 muzeum m\u011bsta Ostravy, Muzeum a galerii Mlejn, N\u00e1rodn\u00ed zem\u011bd\u011blsk\u00e9 muzeum nebo \u017delezni\u010dn\u00ed muzeum moravskoslezsk\u00e9. Ostravsk\u00e1 muzejn\u00ed noc ale nen\u00ed jen o muze\u00edch. Zapojeny jsou tak\u00e9 galerie, nap\u0159\u00edklad Galerie v\u00fdtvarn\u00e9ho um\u011bn\u00ed v\u00a0Ostrav\u011b, V\u00fdstavn\u00ed s\u00ed\u0148 Sokolsk\u00e1 26, Industrial Gallery, Galerie Magna, V\u00fdtvarn\u00e9 centrum Chagall, Milan Dobe\u0161 Museum, Industrial Gallery, Slezskoostravsk\u00e1 galerie, Galerie J\u00e1ma 10 a Plato ve sv\u00e9m nov\u00e9m v\u00fdstavn\u00edm prostoru nevyj\u00edmaje,\u201c dopl\u0148uje Andrea Weglarzyov\u00e1 koordin\u00e1torka festivalu.<\/p>\n<p>Voln\u00e9 prohl\u00eddky expozic v muze\u00edch a pestr\u00fd doprovodn\u00fd program jsou hlavn\u00edm tah\u00e1kem festivalu. \u201eVe sv\u00e9 pracovn\u011b, kter\u00e1 nese nesmazateln\u00fd otisk prvorepublikov\u00e9ho lesku a elegance, n\u00e1v\u0161t\u011bvn\u00edky provede prim\u00e1tor Tom\u00e1\u0161 Macura a zp\u0159\u00edstupn\u011bn\u00e1 bude i vyhl\u00eddka z\u00a0radni\u010dn\u00ed v\u011b\u017ee,\u201c \u0159\u00edk\u00e1 Jana Mal\u00e1\u0161ek \u0160ruba\u0159ov\u00e1 a dod\u00e1v\u00e1: \u201eNov\u011b se do festivalu zapojily N\u00e1rodn\u00ed zem\u011bd\u011blsk\u00e9 muzeum a Radnice obvodu Moravsk\u00e1 Ostrava a P\u0159\u00edvoz, jej\u00ed\u017e historickou budovou provede starostka Petra Bernfeldov\u00e1, prohl\u00eddku nav\u00edc zpest\u0159\u00ed koncerty Pop Academy.\u201c<\/p>\n<p>Tak\u00e9 Knihovna m\u011bsta Ostravy a Moravskoslezsk\u00e1 v\u011bdeck\u00e1 knihovna p\u0159ipravuj\u00ed prvorepublikov\u00fd program. Star\u00e1 ar\u00e9na se nap\u0159\u00edklad prom\u011bn\u00ed na prvorepublikov\u00fd kabaret s\u00a0n\u00e1zvem Chlupat\u00fd kaktus. V\u00a0Centru PANT se pro zm\u011bnu vyfot\u00edte v\u00a0prvorepublikov\u00e9m fotokoutku. Denn\u00ed starosti nevidom\u00fdch a orientaci v\u00a0prostoru si m\u016f\u017eete vyzkou\u0161et v\u00a0TyfloCentru Ostrava. V\u00a0centru m\u011bsta si m\u016f\u017eete prohl\u00e9dnout budovu \u010cesk\u00e9ho rozhlasu Ostrava s n\u00e1dhern\u00fdm prvorepublikov\u00fdm schodi\u0161t\u011bm i nahr\u00e1vac\u00ed studia. Hudebn\u00ed program p\u0159ipravili v\u00a0Jan\u00e1\u010dkov\u011b filharmonii Ostrava, Lidov\u00e9 konzervato\u0159i a M\u00fazick\u00e9 \u0161kole a tak\u00e9 v r\u00e1mci Slezsk\u00e9 lilie v Katedr\u00e1le Bo\u017esk\u00e9ho spasitele a v Kostele svat\u00e9ho V\u00e1clava. Je t\u0159eba tak\u00e9 p\u0159ipomenout D\u016fl Michal a N\u00e1rodn\u00ed pam\u00e1tkov\u00fd \u00fastav.<\/p>\n<p>Ostravskou muzejn\u00ed noc o\u017eiv\u00ed j\u00edzdy velocipedist\u016f a automobilov\u00fdch veter\u00e1n\u016f. V 18.30 zam\u00ed\u0159\u00ed od budovy Nov\u00e9 radnice k\u00a0Ostravsk\u00e9mu muzeu velocipedist\u00e9. Automobilov\u00ed veter\u00e1ni se na Proke\u0161ovo n\u00e1m\u011bst\u00ed vr\u00e1t\u00ed kolem 21 hodin.<\/p>\n<p><em>\u201e<\/em>Ostravsk\u00e1 muzejn\u00ed noc l\u00e1k\u00e1 n\u00e1v\u0161t\u011bvn\u00edky p\u0159edev\u0161\u00edm dovnit\u0159 kulturn\u00edch instituc\u00ed, ale vzhledem ke kr\u00e1sn\u00e9mu po\u010das\u00ed jsou programy p\u0159ipraveny i pro venkovn\u00ed prostory. V\u00a0Cooltour si u\u017eijete zahradn\u00ed ve\u010d\u00edrek Garden Chill. Grilovat m\u016f\u017eete i na terase Kav\u00e1rny Atlantik. Malba airsoftovou pistol\u00ed je p\u0159ipravena na zahrad\u011b St\u0159edn\u00ed um\u011bleck\u00e9 \u0161koly Ostrava. Venku v\u00e1s uv\u00edtaj\u00ed v\u00a0Miniuni i v\u00a0depozit\u00e1\u0159i Dopravn\u00edho podniku Ostrava. Antikvari\u00e1t a klub Fiducia uspo\u0159\u00e1d\u00e1 venkovn\u00ed liter\u00e1rn\u011b-fotbalov\u00fd ve\u010d\u00edrek a artisti festivalu Cirkulum o\u017eiv\u00ed porubskou Hlavn\u00ed t\u0159\u00eddu,<em>\u201c <\/em>vysv\u011btluje Andrea W\u0119glarzyov\u00e1.<\/p>\n<p>Na vybran\u00e9 programy je nutn\u00e9 se rezervovat p\u0159edem. T\u00fdk\u00e1 se to Galerie v\u00fdtvarn\u00e9ho um\u011bn\u00ed v\u00a0Ostrav\u011b, Ostravsk\u00e9ho muzea, N\u00e1rodn\u00edho zem\u011bd\u011blsk\u00e9ho muzea, TyfloCentra Ostrava a V\u00fdstavn\u00ed s\u00edn\u011b Sokolsk\u00e1 26. Rezerva\u010dn\u00ed syst\u00e9m bude spu\u0161t\u011bn v\u00a0pond\u011bl\u00ed 4. \u010dervna v\u00a08 hodin r\u00e1no na <a href=\"https:\/\/www.ostravskamuzeninoc.cz\/\">www.ostravskamuzeninoc.cz<\/a>. Filmov\u00e1 p\u0159edstaven\u00ed m\u016f\u017eete rezervovat u\u017e nyn\u00ed na <a href=\"https:\/\/www.minikinokavarna.cz\/\">www.minikino.cz<\/a><\/p>\n<p>P\u011bt autobusov\u00fdch linek zdarma bude a\u017e do p\u016flnoci co dvacet minut vyj\u00ed\u017ed\u011bt ze stanice Krajsk\u00fd \u00fa\u0159ad<\/p>\n<p>do v\u0161ech kout\u016f m\u011bsta, kde se festival kon\u00e1. Podrobn\u00e9 informace o programu v\u010detn\u011b \u010dasov\u00e9ho harmonogramu a j\u00edzdn\u00edch \u0159\u00e1d\u016f naleznete na webu, Facebooku a v\u00a0ti\u0161t\u011bn\u00fdch bro\u017eurk\u00e1ch.<\/p>\n<p>Ostravsk\u00e1 muzejn\u00ed noc bude zah\u00e1jena v\u00a017.30 p\u0159ed budovou Nov\u00e9 radnice na Proke\u0161ov\u011b n\u00e1m\u011bst\u00ed. Moder\u00e1to\u0159i Vojt\u011bch Lipina a Vendula Fialov\u00e1 spolu s Tom\u00e1\u0161em Macurou, prim\u00e1torem statut\u00e1rn\u00edho m\u011bsta Ostravy, Luk\u00e1\u0161em Curylem, n\u00e1m\u011bstkem hejtmana Moravskoslezsk\u00e9ho kraje, Ji\u0159inou K\u00e1brtovou, \u0159editelkou Ostravsk\u00e9ho muzea, Ji\u0159\u00edm J\u016fzou, \u0159editelem Galerie v\u00fdtvarn\u00e9ho um\u011bn\u00ed v\u00a0Ostrav\u011b, Janou Hutn\u00edkovou, z\u00e1stupkyn\u00ed Asociace muze\u00ed a galeri\u00ed \u010cesk\u00e9 republiky a publikem odstartuj\u00ed festival spole\u010dn\u00fdm vypu\u0161t\u011bn\u00edm balonk\u016f s heliem v\u00a0barv\u00e1ch trikolory.<\/p>\n<p>\u201eJsem velmi r\u00e1d, \u017ee Moravskoslezsk\u00fd kraj podporuje tak v\u00fdznamnou akci, jakou je Ostravsk\u00e1 muzejn\u00ed noc. Sv\u00fdm v\u011bhlasem a obl\u00edbenost\u00ed p\u0159esahuje hranice kraje, co\u017e t\u011b\u0161\u00ed nejen mne, ale jist\u011b tak\u00e9 organiz\u00e1tory. Ostravskou muzejn\u00ed noc kraj podporuje u\u017e od roku 2009 finan\u010dn\u011b i z\u00e1\u0161titou a velmi si v\u00e1\u017e\u00edm toho, \u017ee mohu b\u00fdt u slavnostn\u00edho zah\u00e1jen\u00ed, kde je ka\u017ed\u00fd rok skv\u011bl\u00e1 atmosf\u00e9ra!,\u201c uzav\u00edr\u00e1 Luk\u00e1\u0161 Curylo.<\/p>\n<p>Ostravskou muzejn\u00ed noc za\u0161t\u00edtil prim\u00e1tor statut\u00e1rn\u00edho m\u011bsta Ostravy Tom\u00e1\u0161 Macura a n\u00e1m\u011bstek hejtmana Moravskoslezsk\u00e9ho kraje Luk\u00e1\u0161 Curylo. Finan\u010dn\u011b akci podpo\u0159il Moravskoslezsk\u00fd kraj a statut\u00e1rn\u00ed m\u011bsto Ostrava.<\/p>\n<p>&nbsp;<\/p>\n<p><a href=\"https:\/\/ostravskamuzejninoc.cz\/2018\/wp-content\/uploads\/2018\/05\/OMN_TZ_Ostravska_muzejni_noc_slavi_desetilete_vyroci_v_prvorepublikovem_stylu-1.doc\">Tiskov\u00e1 zpr\u00e1va: Ostravsk\u00e1 muzejn\u00ed noc slav\u00ed desetilet\u00e9 v\u00fdro\u010d\u00ed v prvorepublikov\u00e9m stylu<\/a><\/p>\n<p>&nbsp;<\/p>\n<p><strong>\u00a0<\/strong><\/p>\n<p>&nbsp;<\/p>","protected":false},"excerpt":{"rendered":"<p> &hellip;<\/p>\n","protected":false},"author":1,"featured_media":0,"parent":0,"menu_order":0,"comment_status":"closed","ping_status":"closed","template":"","meta":[],"_links":{"self":[{"href":"https:\/\/2018.ostravskamuzejninoc.cz\/cs\/wp-json\/wp\/v2\/pages\/14"}],"collection":[{"href":"https:\/\/2018.ostravskamuzejninoc.cz\/cs\/wp-json\/wp\/v2\/pages"}],"about":[{"href":"https:\/\/2018.ostravskamuzejninoc.cz\/cs\/wp-json\/wp\/v2\/types\/page"}],"author":[{"embeddable":true,"href":"https:\/\/2018.ostravskamuzejninoc.cz\/cs\/wp-json\/wp\/v2\/users\/1"}],"replies":[{"embeddable":true,"href":"https:\/\/2018.ostravskamuzejninoc.cz\/cs\/wp-json\/wp\/v2\/comments?post=14"}],"version-history":[{"count":11,"href":"https:\/\/2018.ostravskamuzejninoc.cz\/cs\/wp-json\/wp\/v2\/pages\/14\/revisions"}],"predecessor-version":[{"id":848,"href":"https:\/\/2018.ostravskamuzejninoc.cz\/cs\/wp-json\/wp\/v2\/pages\/14\/revisions\/848"}],"wp:attachment":[{"href":"https:\/\/2018.ostravskamuzejninoc.cz\/cs\/wp-json\/wp\/v2\/media?parent=14"}],"curies":[{"name":"wp","href":"https:\/\/api.w.org\/{rel}","templated":true}]}}