{"id":426,"date":"2018-05-11T08:34:34","date_gmt":"2018-05-11T06:34:34","guid":{"rendered":"http:\/\/ostravskamuzejninoc.cz\/2018\/?page_id=426"},"modified":"2018-05-24T14:01:29","modified_gmt":"2018-05-24T12:01:29","slug":"omn-2018","status":"publish","type":"page","link":"https:\/\/2018.ostravskamuzejninoc.cz\/cs\/","title":{"rendered":"OMN 2018"},"content":{"rendered":"<p>V\u00a0sobotu 9. \u010dervna u\u017e podes\u00e1t\u00e9 propoj\u00edme na\u0161e m\u011bsto kulturn\u00edm festivalem Ostravsk\u00e1 muzejn\u00ed noc. Kulat\u00e9 v\u00fdro\u010d\u00ed slavnostn\u011b zah\u00e1j\u00edme od 17.30 na Proke\u0161ov\u011b n\u00e1m\u011bst\u00ed p\u0159ed budovou Nov\u00e9 radnice pou\u0161t\u011bn\u00edm balonk\u016f v\u00a0barv\u011b trikolory. Festival se toti\u017e letos ponese v duchu 100 let republiky.<\/p>\n<p>A\u017e do pozdn\u00edch no\u010dn\u00edch hodin v\u00e1m sv\u00e9 dve\u0159e otev\u0159e 36 ostravsk\u00fdch instituc\u00ed a organizac\u00ed, kter\u00e9 se v\u011bnuj\u00ed kultu\u0159e nebo vzd\u011bl\u00e1v\u00e1n\u00ed. P\u0159ipraven\u00fd je nabit\u00fd program pln\u00fd z\u00e1bavy i dobrodru\u017estv\u00ed. T\u011b\u0161\u00edme se na v\u00e1s s\u00a0otev\u0159enou n\u00e1ru\u010d\u00ed v muze\u00edch, galeri\u00edch, knihovn\u00e1ch, \u0161kol\u00e1ch, technick\u00fdch pam\u00e1tk\u00e1ch, kav\u00e1rn\u00e1ch, klubech, radnic\u00edch, cirkuse i centru se speci\u00e1ln\u00edm zam\u011b\u0159en\u00edm.<\/p>\n<p>P\u0159ipojte se k\u00a0n\u00e1m, vyu\u017e\u00edt m\u016f\u017eete autobusy muzejn\u00edch linek zdarma. A nezapome\u0148te, vstupn\u00e9 se ten ve\u010der neplat\u00ed.<\/p>\n<p>Sd\u00edlejte s\u00a0n\u00e1mi atmosf\u00e9ru, z\u00e1\u017eitky i dobrou n\u00e1ladu na #ostravskamuzejninoc<\/p>","protected":false},"excerpt":{"rendered":"<p> &hellip;<\/p>\n","protected":false},"author":1,"featured_media":0,"parent":0,"menu_order":0,"comment_status":"closed","ping_status":"closed","template":"","meta":[],"_links":{"self":[{"href":"https:\/\/2018.ostravskamuzejninoc.cz\/cs\/wp-json\/wp\/v2\/pages\/426"}],"collection":[{"href":"https:\/\/2018.ostravskamuzejninoc.cz\/cs\/wp-json\/wp\/v2\/pages"}],"about":[{"href":"https:\/\/2018.ostravskamuzejninoc.cz\/cs\/wp-json\/wp\/v2\/types\/page"}],"author":[{"embeddable":true,"href":"https:\/\/2018.ostravskamuzejninoc.cz\/cs\/wp-json\/wp\/v2\/users\/1"}],"replies":[{"embeddable":true,"href":"https:\/\/2018.ostravskamuzejninoc.cz\/cs\/wp-json\/wp\/v2\/comments?post=426"}],"version-history":[{"count":7,"href":"https:\/\/2018.ostravskamuzejninoc.cz\/cs\/wp-json\/wp\/v2\/pages\/426\/revisions"}],"predecessor-version":[{"id":752,"href":"https:\/\/2018.ostravskamuzejninoc.cz\/cs\/wp-json\/wp\/v2\/pages\/426\/revisions\/752"}],"wp:attachment":[{"href":"https:\/\/2018.ostravskamuzejninoc.cz\/cs\/wp-json\/wp\/v2\/media?parent=426"}],"curies":[{"name":"wp","href":"https:\/\/api.w.org\/{rel}","templated":true}]}}