{"id":99,"date":"2018-05-02T22:12:54","date_gmt":"2018-05-02T20:12:54","guid":{"rendered":"http:\/\/ostravskamuzejninoc.cz\/2018\/?page_id=99"},"modified":"2018-05-28T09:12:11","modified_gmt":"2018-05-28T07:12:11","slug":"kontakt","status":"publish","type":"page","link":"https:\/\/2018.ostravskamuzejninoc.cz\/cs\/kontakt\/","title":{"rendered":"Kontakt"},"content":{"rendered":"<p><\/p>\n<h1>Kontakt<\/h1>\n<div class=\"entry-content\">\n<h2>PhDr. Jana \u0160ruba\u0159ov\u00e1<\/h2>\n<p>Tiskov\u00e1 mluv\u010d\u00ed a PR Galerie v\u00fdtvarn\u00e9ho um\u011bn\u00ed v Ostrav\u011b<\/p>\n<p>e-mail:\u00a0<a href=\"mailto:srubarova@gvuo.cz\">srubarova@gvuo.cz<\/a><br \/>\ntel.: 731 691 563, 596 112 566<\/p>\n<h2>Bc. Andrea W\u0119glarzyov\u00e1<\/h2>\n<p>Ostravsk\u00e9 muzeum<\/p>\n<p>email:\u00a0<a href=\"mailto:andrea.weg@ostrmuz.cz\">andrea.weg@ostrmuz.cz<\/a><br \/>\ntel.: 777 012 808, 597 578 468<\/p>\n<\/div>\n<p><\/p>","protected":false},"excerpt":{"rendered":"<p> &hellip;<\/p>\n","protected":false},"author":1,"featured_media":0,"parent":0,"menu_order":0,"comment_status":"closed","ping_status":"closed","template":"","meta":[],"_links":{"self":[{"href":"https:\/\/2018.ostravskamuzejninoc.cz\/cs\/wp-json\/wp\/v2\/pages\/99"}],"collection":[{"href":"https:\/\/2018.ostravskamuzejninoc.cz\/cs\/wp-json\/wp\/v2\/pages"}],"about":[{"href":"https:\/\/2018.ostravskamuzejninoc.cz\/cs\/wp-json\/wp\/v2\/types\/page"}],"author":[{"embeddable":true,"href":"https:\/\/2018.ostravskamuzejninoc.cz\/cs\/wp-json\/wp\/v2\/users\/1"}],"replies":[{"embeddable":true,"href":"https:\/\/2018.ostravskamuzejninoc.cz\/cs\/wp-json\/wp\/v2\/comments?post=99"}],"version-history":[{"count":7,"href":"https:\/\/2018.ostravskamuzejninoc.cz\/cs\/wp-json\/wp\/v2\/pages\/99\/revisions"}],"predecessor-version":[{"id":776,"href":"https:\/\/2018.ostravskamuzejninoc.cz\/cs\/wp-json\/wp\/v2\/pages\/99\/revisions\/776"}],"wp:attachment":[{"href":"https:\/\/2018.ostravskamuzejninoc.cz\/cs\/wp-json\/wp\/v2\/media?parent=99"}],"curies":[{"name":"wp","href":"https:\/\/api.w.org\/{rel}","templated":true}]}}