{"id":8,"date":"2018-05-02T16:11:49","date_gmt":"2018-05-02T14:11:49","guid":{"rendered":"http:\/\/ostravskamuzejninoc.cz\/2018\/?page_id=8"},"modified":"2018-06-06T11:22:44","modified_gmt":"2018-06-06T09:22:44","slug":"partneri","status":"publish","type":"page","link":"https:\/\/2018.ostravskamuzejninoc.cz\/en\/partneri\/","title":{"rendered":"Partners"},"content":{"rendered":"<p><\/p>\n<h1><strong>Partners:<\/strong><\/h1>\n<table>\n<tbody>\n<tr>\n<td width=\"25%\">Festival finan\u010dn\u011b podpo\u0159ili Moravskoslezsk\u00fd kraj a statut\u00e1rn\u00ed m\u011bsto Ostrava<\/td>\n<td width=\"25%\">\u00a0<a href=\"https:\/\/www.msk.cz\/\" target=\"_blank\" rel=\"noopener noreferrer\"><img loading=\"lazy\" class=\"alignnone size-full wp-image-780\" src=\"https:\/\/2017.ostravskamuzejninoc.cz\/wp-content\/uploads\/2017\/05\/moravskoslezsky_kraj.png\" sizes=\"(max-width: 300px) 100vw, 300px\" srcset=\"https:\/\/2017.ostravskamuzejninoc.cz\/wp-content\/uploads\/2017\/05\/moravskoslezsky_kraj.png 300w, https:\/\/2017.ostravskamuzejninoc.cz\/wp-content\/uploads\/2017\/05\/moravskoslezsky_kraj-184x61.png 184w\" alt=\"\" width=\"300\" height=\"100\" \/><\/a><\/td>\n<td width=\"25%\">\u00a0<a href=\"https:\/\/ostrava.cz\" target=\"_blank\" rel=\"noopener\"><img loading=\"lazy\" class=\"alignnone wp-image-432\" src=\"https:\/\/2018.ostravskamuzejninoc.cz\/\/wp-content\/uploads\/2018\/05\/ostrava_100-250x100.png\" alt=\"\" width=\"200\" height=\"67\" srcset=\"https:\/\/2018.ostravskamuzejninoc.cz\/wp-content\/uploads\/2018\/05\/ostrava_100.png 300w, https:\/\/2018.ostravskamuzejninoc.cz\/wp-content\/uploads\/2018\/05\/ostrava_100-295x100.png 295w\" sizes=\"(max-width: 200px) 100vw, 200px\" \/><\/a><\/td>\n<td width=\"25%\"><\/td>\n<\/tr>\n<\/tbody>\n<\/table>\n<table>\n<tbody>\n<tr>\n<td width=\"25%\"><strong>Media partner:<\/strong><\/td>\n<td width=\"25%\"><a href=\"https:\/\/www.rozhlas.cz\/ostrava\/portal\/\" target=\"_blank\" rel=\"noopener noreferrer\"><img loading=\"lazy\" class=\"alignnone size-full wp-image-778\" src=\"https:\/\/2017.ostravskamuzejninoc.cz\/wp-content\/uploads\/2017\/05\/cro.png\" sizes=\"(max-width: 300px) 100vw, 300px\" srcset=\"https:\/\/2017.ostravskamuzejninoc.cz\/wp-content\/uploads\/2017\/05\/cro.png 300w, https:\/\/2017.ostravskamuzejninoc.cz\/wp-content\/uploads\/2017\/05\/cro-184x61.png 184w\" alt=\"\" width=\"300\" height=\"100\" \/><\/a><\/td>\n<td width=\"25%\"><\/td>\n<td width=\"25%\"><\/td>\n<\/tr>\n<\/tbody>\n<\/table>\n<table>\n<tbody>\n<tr>\n<td width=\"25%\"><strong>Partners:<\/strong><\/td>\n<td width=\"25%\"><a href=\"https:\/\/www.dpo.cz\" target=\"_blank\" rel=\"noopener noreferrer\"><img loading=\"lazy\" class=\"alignnone size-full wp-image-779\" src=\"https:\/\/2017.ostravskamuzejninoc.cz\/wp-content\/uploads\/2017\/05\/dpo.png\" sizes=\"(max-width: 300px) 100vw, 300px\" srcset=\"https:\/\/2017.ostravskamuzejninoc.cz\/wp-content\/uploads\/2017\/05\/dpo.png 300w, https:\/\/2017.ostravskamuzejninoc.cz\/wp-content\/uploads\/2017\/05\/dpo-184x61.png 184w\" alt=\"\" width=\"300\" height=\"100\" \/><\/a><\/td>\n<td width=\"25%\"><a href=\"https:\/\/retis.info\/retis\/www\/\" target=\"_blank\" rel=\"noopener noreferrer\"><img loading=\"lazy\" class=\"alignnone size-full wp-image-783\" src=\"https:\/\/2017.ostravskamuzejninoc.cz\/wp-content\/uploads\/2017\/05\/retis.png\" sizes=\"(max-width: 300px) 100vw, 300px\" srcset=\"https:\/\/2017.ostravskamuzejninoc.cz\/wp-content\/uploads\/2017\/05\/retis.png 300w, https:\/\/2017.ostravskamuzejninoc.cz\/wp-content\/uploads\/2017\/05\/retis-184x61.png 184w\" alt=\"\" width=\"300\" height=\"100\" \/><\/a><\/td>\n<td width=\"25%\"><a href=\"https:\/\/www.cz-museums.cz\/web\/amg\/titulni\" target=\"_blank\" rel=\"noopener noreferrer\"><img loading=\"lazy\" class=\"alignnone size-full wp-image-776\" src=\"https:\/\/2017.ostravskamuzejninoc.cz\/wp-content\/uploads\/2017\/05\/amg.png\" sizes=\"(max-width: 300px) 100vw, 300px\" srcset=\"https:\/\/2017.ostravskamuzejninoc.cz\/wp-content\/uploads\/2017\/05\/amg.png 300w, https:\/\/2017.ostravskamuzejninoc.cz\/wp-content\/uploads\/2017\/05\/amg-184x61.png 184w\" alt=\"\" width=\"300\" height=\"100\" \/><\/a><\/td>\n<\/tr>\n<\/tbody>\n<\/table>\n<table>\n<tbody>\n<tr>\n<td width=\"25%\"><a href=\"https:\/\/www.ovanet.cz\/Default.aspx\" target=\"_blank\" rel=\"noopener noreferrer\"><img loading=\"lazy\" class=\"alignnone size-full wp-image-781\" src=\"https:\/\/2017.ostravskamuzejninoc.cz\/wp-content\/uploads\/2017\/05\/ova_net.png\" sizes=\"(max-width: 300px) 100vw, 300px\" srcset=\"https:\/\/2017.ostravskamuzejninoc.cz\/wp-content\/uploads\/2017\/05\/ova_net.png 300w, https:\/\/2017.ostravskamuzejninoc.cz\/wp-content\/uploads\/2017\/05\/ova_net-184x61.png 184w\" alt=\"\" width=\"300\" height=\"100\" \/><\/a><\/td>\n<td width=\"25%\"><a href=\"https:\/\/program.mise.cz\/\" target=\"_blank\" rel=\"noopener noreferrer\"><img loading=\"lazy\" class=\"alignnone size-full wp-image-782\" src=\"https:\/\/2017.ostravskamuzejninoc.cz\/wp-content\/uploads\/2017\/05\/program.png\" sizes=\"(max-width: 300px) 100vw, 300px\" srcset=\"https:\/\/2017.ostravskamuzejninoc.cz\/wp-content\/uploads\/2017\/05\/program.png 300w, https:\/\/2017.ostravskamuzejninoc.cz\/wp-content\/uploads\/2017\/05\/program-184x61.png 184w\" alt=\"\" width=\"300\" height=\"100\" \/><\/a><\/td>\n<td width=\"25%\">\u00a0<a href=\"https:\/\/seepoint.cz\/\" target=\"_blank\" rel=\"noopener\"><img loading=\"lazy\" class=\"alignnone wp-image-435\" src=\"https:\/\/2018.ostravskamuzejninoc.cz\/\/wp-content\/uploads\/2018\/05\/seepoint-250x100.png\" alt=\"\" width=\"123\" height=\"54\" \/><\/a><\/td>\n<td width=\"25%\"><a href=\"https:\/\/www.radiohouse.cz\/\" target=\"_blank\" rel=\"noopener\"><img loading=\"lazy\" class=\"alignnone wp-image-437\" src=\"https:\/\/2018.ostravskamuzejninoc.cz\/\/wp-content\/uploads\/2018\/05\/radiohouse-250x100.png\" alt=\"\" width=\"200\" height=\"67\" srcset=\"https:\/\/2018.ostravskamuzejninoc.cz\/wp-content\/uploads\/2018\/05\/radiohouse.png 300w, https:\/\/2018.ostravskamuzejninoc.cz\/wp-content\/uploads\/2018\/05\/radiohouse-295x100.png 295w\" sizes=\"(max-width: 200px) 100vw, 200px\" \/><\/a><\/td>\n<\/tr>\n<\/tbody>\n<\/table>\n<table>\n<tbody>\n<tr>\n<td width=\"25%\"><img loading=\"lazy\" class=\"alignnone wp-image-830\" src=\"https:\/\/2018.ostravskamuzejninoc.cz\/\/wp-content\/uploads\/2018\/06\/MO-b\u00edl\u00e1-1-250x150.png\" alt=\"\" width=\"150\" height=\"150\" srcset=\"https:\/\/2018.ostravskamuzejninoc.cz\/wp-content\/uploads\/2018\/06\/MO-b\u00edl\u00e1-1-300x300.png 300w, https:\/\/2018.ostravskamuzejninoc.cz\/wp-content\/uploads\/2018\/06\/MO-b\u00edl\u00e1-1-768x768.png 768w, https:\/\/2018.ostravskamuzejninoc.cz\/wp-content\/uploads\/2018\/06\/MO-b\u00edl\u00e1-1-1024x1024.png 1024w, https:\/\/2018.ostravskamuzejninoc.cz\/wp-content\/uploads\/2018\/06\/MO-b\u00edl\u00e1-1-295x295.png 295w, https:\/\/2018.ostravskamuzejninoc.cz\/wp-content\/uploads\/2018\/06\/MO-b\u00edl\u00e1-1.png 1500w\" sizes=\"(max-width: 150px) 100vw, 150px\" \/><\/td>\n<td width=\"25%\"><\/td>\n<td width=\"25%\"><\/td>\n<td width=\"25%\"><\/td>\n<\/tr>\n<\/tbody>\n<\/table>\n<p><\/p>","protected":false},"excerpt":{"rendered":"<p> &hellip;<\/p>\n","protected":false},"author":1,"featured_media":0,"parent":0,"menu_order":0,"comment_status":"closed","ping_status":"closed","template":"","meta":[],"_links":{"self":[{"href":"https:\/\/2018.ostravskamuzejninoc.cz\/en\/wp-json\/wp\/v2\/pages\/8"}],"collection":[{"href":"https:\/\/2018.ostravskamuzejninoc.cz\/en\/wp-json\/wp\/v2\/pages"}],"about":[{"href":"https:\/\/2018.ostravskamuzejninoc.cz\/en\/wp-json\/wp\/v2\/types\/page"}],"author":[{"embeddable":true,"href":"https:\/\/2018.ostravskamuzejninoc.cz\/en\/wp-json\/wp\/v2\/users\/1"}],"replies":[{"embeddable":true,"href":"https:\/\/2018.ostravskamuzejninoc.cz\/en\/wp-json\/wp\/v2\/comments?post=8"}],"version-history":[{"count":12,"href":"https:\/\/2018.ostravskamuzejninoc.cz\/en\/wp-json\/wp\/v2\/pages\/8\/revisions"}],"predecessor-version":[{"id":833,"href":"https:\/\/2018.ostravskamuzejninoc.cz\/en\/wp-json\/wp\/v2\/pages\/8\/revisions\/833"}],"wp:attachment":[{"href":"https:\/\/2018.ostravskamuzejninoc.cz\/en\/wp-json\/wp\/v2\/media?parent=8"}],"curies":[{"name":"wp","href":"https:\/\/api.w.org\/{rel}","templated":true}]}}