{"id":426,"date":"2018-05-11T08:34:34","date_gmt":"2018-05-11T06:34:34","guid":{"rendered":"http:\/\/ostravskamuzejninoc.cz\/2018\/?page_id=426"},"modified":"2018-05-24T14:01:29","modified_gmt":"2018-05-24T12:01:29","slug":"omn-2018","status":"publish","type":"page","link":"https:\/\/2018.ostravskamuzejninoc.cz\/pl\/","title":{"rendered":"OMN 2018"},"content":{"rendered":"<p>W sobot\u0119 9 czerwca po raz dziesi\u0105ty nasze miasto z\u0142\u0105czymy festiwalem kultury \u00a0Ostrawska Noc Muze\u00f3w. Obchody okr\u0105g\u0142ej rocznicy uroczy\u015bcie rozpoczniemy o godz.17.30 na placu Proke\u0161a przed gmachem Nowego Ratusza, a to wypuszczeniem w powietrze balonik\u00f3w w barwach narodowych. Festiwal bowiem w tym roku b\u0119dzie utrzymany w duchu 100 lat republiki.<\/p>\n<p>Do p\u00f3\u017anych godzin nocnych otwartych b\u0119dzie przed Pa\u0144stwem 36 ostrawskich instytucji i organizacji, kt\u00f3re dzia\u0142aj\u0105 na polu kultury i edukacji. Przygotowany jest bogaty program pe\u0142en zabawy i przyg\u00f3d. Cieszymy si\u0119 na Pa\u0144stwa wizyt\u0119 w muzeach, galeriach, bibliotekach, szko\u0142ach, zabytkach techniki, kawiarniach, klubach, ratuszach, w cyrku i centrach specjalnego przeznaczenia.<\/p>\n<p>Zapraszamy Pa\u0144stwa do przy\u0142\u0105czenia si\u0119 do nas i skorzystania z transportu liniami muzealnymi gratis. I prosimy nie zapomina\u0107 &#8211; tego wieczoru nie obowi\u0105zuj\u0105 op\u0142aty za wst\u0119p.<\/p>\n<p>Podzielcie si\u0119 Pa\u0144stwo z nami swoimi prze\u017cyciami, atmosfer\u0105 i dobrym humorem na #ostravskamuzejninoc<\/p>\n<p>Wszystko co wa\u017cne znajd\u0105 Pa\u0144stwo na <a href=\"https:\/\/www.ostravskamuzejninoc.cz\/\">www.ostravskamuzejninoc.cz<\/a><\/p>\n<p>#ostravskamuzejninoc<\/p>","protected":false},"excerpt":{"rendered":"<p> &hellip;<\/p>\n","protected":false},"author":1,"featured_media":0,"parent":0,"menu_order":0,"comment_status":"closed","ping_status":"closed","template":"","meta":[],"_links":{"self":[{"href":"https:\/\/2018.ostravskamuzejninoc.cz\/pl\/wp-json\/wp\/v2\/pages\/426"}],"collection":[{"href":"https:\/\/2018.ostravskamuzejninoc.cz\/pl\/wp-json\/wp\/v2\/pages"}],"about":[{"href":"https:\/\/2018.ostravskamuzejninoc.cz\/pl\/wp-json\/wp\/v2\/types\/page"}],"author":[{"embeddable":true,"href":"https:\/\/2018.ostravskamuzejninoc.cz\/pl\/wp-json\/wp\/v2\/users\/1"}],"replies":[{"embeddable":true,"href":"https:\/\/2018.ostravskamuzejninoc.cz\/pl\/wp-json\/wp\/v2\/comments?post=426"}],"version-history":[{"count":5,"href":"https:\/\/2018.ostravskamuzejninoc.cz\/pl\/wp-json\/wp\/v2\/pages\/426\/revisions"}],"predecessor-version":[{"id":752,"href":"https:\/\/2018.ostravskamuzejninoc.cz\/pl\/wp-json\/wp\/v2\/pages\/426\/revisions\/752"}],"wp:attachment":[{"href":"https:\/\/2018.ostravskamuzejninoc.cz\/pl\/wp-json\/wp\/v2\/media?parent=426"}],"curies":[{"name":"wp","href":"https:\/\/api.w.org\/{rel}","templated":true}]}}